{"id":181,"date":"2024-04-17T19:41:46","date_gmt":"2024-04-17T17:41:46","guid":{"rendered":"https:\/\/camillegris.com\/?page_id=181"},"modified":"2024-07-29T14:26:16","modified_gmt":"2024-07-29T12:26:16","slug":"tarifs-art-therapie","status":"publish","type":"page","link":"https:\/\/camillegris.com\/index.php\/tarifs-art-therapie\/","title":{"rendered":"Tarifs et modalit\u00e9s"},"content":{"rendered":"\n<p>Vous souhaitez mettre en place un suivi en art-th\u00e9rapie, je suis disponible et \u00e0 votre \u00e9coute pour r\u00e9pondre \u00e0 vos attentes et votre d\u00e9marche. Contactez moi pour \u00e9changer et r\u00e9aliser un devis. <\/p>\n\n\n\n<p class=\"has-black-color has-text-color has-link-color has-medium-font-size wp-elements-5af5d491105fc01f6455b232320d6ea3\"><strong>S\u00e9ance individuelle : 50\u20ac<\/strong><\/p>\n\n\n\n<p>La dur\u00e9e s&rsquo;adapte aux besoins et \u00e0 l&rsquo;objectif de s\u00e9ance, il faut compter entre 45 minutes et 1 heure    *Pr\u00e9voir les frais kilom\u00e9triques en suppl\u00e9ment et le mat\u00e9riel consommable <\/p>\n\n\n\n<p class=\"has-accent-1-color has-text-color has-link-color has-medium-font-size wp-elements-731cabf856a340c577c6d0a4d93cbe92\"><strong>S\u00e9ance en groupe : Entre 55 et 75 \u20ac<\/strong><\/p>\n\n\n\n<p>L\u2019atelier d\u2019art-th\u00e9rapie en groupe se limite \u00e0 un nombre de personnes maximum qui est \u00e9valu\u00e9 en fonction des pathologies et de l\u2019espace \u00e0 disposition. *Pr\u00e9voir les frais kilom\u00e9triques en suppl\u00e9ment et le mat\u00e9riel consommable<\/p>\n","protected":false},"excerpt":{"rendered":"<p>Vous souhaitez mettre en place un suivi en art-th\u00e9rapie, je suis disponible et \u00e0 votre \u00e9coute pour r\u00e9pondre \u00e0 vos attentes et votre d\u00e9marche. Contactez moi pour \u00e9changer et r\u00e9aliser un devis. S\u00e9ance individuelle : &hellip; <\/p>\n","protected":false},"author":1,"featured_media":0,"parent":0,"menu_order":0,"comment_status":"closed","ping_status":"closed","template":"","meta":{"om_disable_all_campaigns":false,"_monsterinsights_skip_tracking":false,"_monsterinsights_sitenote_active":false,"_monsterinsights_sitenote_note":"","_monsterinsights_sitenote_category":0,"footnotes":""},"aioseo_notices":[],"_links":{"self":[{"href":"https:\/\/camillegris.com\/index.php\/wp-json\/wp\/v2\/pages\/181"}],"collection":[{"href":"https:\/\/camillegris.com\/index.php\/wp-json\/wp\/v2\/pages"}],"about":[{"href":"https:\/\/camillegris.com\/index.php\/wp-json\/wp\/v2\/types\/page"}],"author":[{"embeddable":true,"href":"https:\/\/camillegris.com\/index.php\/wp-json\/wp\/v2\/users\/1"}],"replies":[{"embeddable":true,"href":"https:\/\/camillegris.com\/index.php\/wp-json\/wp\/v2\/comments?post=181"}],"version-history":[{"count":8,"href":"https:\/\/camillegris.com\/index.php\/wp-json\/wp\/v2\/pages\/181\/revisions"}],"predecessor-version":[{"id":750,"href":"https:\/\/camillegris.com\/index.php\/wp-json\/wp\/v2\/pages\/181\/revisions\/750"}],"wp:attachment":[{"href":"https:\/\/camillegris.com\/index.php\/wp-json\/wp\/v2\/media?parent=181"}],"curies":[{"name":"wp","href":"https:\/\/api.w.org\/{rel}","templated":true}]}}