{"id":186,"date":"2024-04-17T19:53:52","date_gmt":"2024-04-17T17:53:52","guid":{"rendered":"https:\/\/camillegris.com\/?page_id=186"},"modified":"2025-06-18T11:12:47","modified_gmt":"2025-06-18T09:12:47","slug":"cours-hebdomadaires-adultes","status":"publish","type":"page","link":"https:\/\/camillegris.com\/index.php\/cours-hebdomadaires-adultes\/","title":{"rendered":"Cours hebdomadaires adultes"},"content":{"rendered":"\n<div class=\"wp-block-media-text is-stacked-on-mobile\"><figure class=\"wp-block-media-text__media\"><img loading=\"lazy\" decoding=\"async\" width=\"382\" height=\"504\" src=\"https:\/\/camillegris.com\/wp-content\/uploads\/2025\/06\/image-poterie-adulte-3.png\" alt=\"\" class=\"wp-image-1093 size-full\" srcset=\"https:\/\/camillegris.com\/wp-content\/uploads\/2025\/06\/image-poterie-adulte-3.png 382w, https:\/\/camillegris.com\/wp-content\/uploads\/2025\/06\/image-poterie-adulte-3-227x300.png 227w, https:\/\/camillegris.com\/wp-content\/uploads\/2025\/06\/image-poterie-adulte-3-45x60.png 45w\" sizes=\"(max-width: 382px) 100vw, 382px\" \/><\/figure><div class=\"wp-block-media-text__content\">\n<p class=\"has-large-font-size\">Apprendre des techniques de poterie ancestrales et partager des moments de convivialit\u00e9. Repartez avec vos cr\u00e9ations apr\u00e8s toutes les phases de r\u00e9alisations et de cuissons. <\/p>\n<\/div><\/div>\n\n\n\n<p class=\"has-text-align-left has-text-color has-link-color wp-elements-c46c12198dc1d01e8a01f6d576792474\" style=\"color:#9e2d49;font-size:25px;font-style:normal;font-weight:900;letter-spacing:6px\">TOURNAGE \/ MODELAGE \/ D\u00c9CORATION                                         <\/p>\n\n\n\n<p class=\"has-text-align-left has-text-color has-link-color wp-elements-559b82b296a638f9470890ed475dd9ed\" style=\"color:#9e2d49;font-size:25px;font-style:normal;font-weight:900;letter-spacing:6px\">4personnes maximum <\/p>\n\n\n\n<ul>\n<li style=\"font-style:normal;font-weight:700\" class=\"has-medium-font-size\">Le mardi de 9h30 \u00e0 11h30 [ Hors vacances scolaires et jours f\u00e9ri\u00e9s ]<\/li>\n\n\n\n<li style=\"font-style:normal;font-weight:700\" class=\"has-medium-font-size\">Le vendredi de 14h \u00e0 16h [ Hors vacances scolaires et jours f\u00e9ri\u00e9s ]<\/li>\n<\/ul>\n\n\n\n<p class=\"has-text-align-center has-black-color has-text-color has-background has-link-color has-medium-font-size wp-elements-5d5af3b03e80f37221520bcd6b511cb6\" style=\"background-color:#69967a\"><strong>Tarifs <\/strong>500\u20ac l&rsquo;ann\u00e9e (cours d&rsquo;essai gratuit)<\/p>\n\n\n\n<p>Pour r\u00e9server ou obtenir plus d\u2019informations, contactez-moi via le <a href=\"https:\/\/camillegris.com\/index.php\/contact\/\" title=\"Contact\">Contact<\/a><\/p>\n\n\n\n<p class=\"has-medium-font-size\"><\/p>\n\n\n\n<div class=\"wp-block-group is-nowrap is-layout-flex wp-container-core-group-is-layout-1 wp-block-group-is-layout-flex\">\n<p class=\"has-white-color has-text-color has-link-color wp-elements-95135f04f4dbfda795337606bb4442fb\">n<\/p>\n<\/div>\n\n\n\n<p class=\"has-white-color has-text-color has-link-color wp-elements-a61376de8250451ad33a9228a182ec36\">b<\/p>\n\n\n\n<p class=\"has-white-color has-text-color has-link-color wp-elements-a61376de8250451ad33a9228a182ec36\">b<\/p>\n\n\n\n<p><\/p>\n\n\n\n<div class=\"wp-block-group is-nowrap is-layout-flex wp-container-core-group-is-layout-2 wp-block-group-is-layout-flex\">\n<p><\/p>\n\n\n\n<p><\/p>\n\n\n\n<p class=\"has-white-color has-text-color has-link-color wp-elements-d69821381b5d9f4777668b7079b342df\">bla<\/p>\n<\/div>\n\n\n\n<p><\/p>\n\n\n\n<p class=\"has-accent-1-color has-text-color has-link-color has-medium-font-size wp-elements-e15596558d4b672c2a408c4b4d6942af\"><em><strong> <\/strong><\/em><\/p>\n\n\n\n<p class=\"has-white-color has-text-color has-link-color wp-elements-a61376de8250451ad33a9228a182ec36\">b<\/p>\n\n\n\n<p class=\"has-small-font-size\"><\/p>\n","protected":false},"excerpt":{"rendered":"<p>Apprendre des techniques de poterie ancestrales et partager des moments de convivialit\u00e9. Repartez avec vos cr\u00e9ations apr\u00e8s toutes les phases de r\u00e9alisations et de cuissons. TOURNAGE \/ MODELAGE \/ D\u00c9CORATION 4personnes maximum Tarifs 500\u20ac l&rsquo;ann\u00e9e &hellip; <\/p>\n","protected":false},"author":1,"featured_media":0,"parent":0,"menu_order":0,"comment_status":"closed","ping_status":"closed","template":"","meta":{"om_disable_all_campaigns":false,"_monsterinsights_skip_tracking":false,"_monsterinsights_sitenote_active":false,"_monsterinsights_sitenote_note":"","_monsterinsights_sitenote_category":0,"footnotes":""},"aioseo_notices":[],"_links":{"self":[{"href":"https:\/\/camillegris.com\/index.php\/wp-json\/wp\/v2\/pages\/186"}],"collection":[{"href":"https:\/\/camillegris.com\/index.php\/wp-json\/wp\/v2\/pages"}],"about":[{"href":"https:\/\/camillegris.com\/index.php\/wp-json\/wp\/v2\/types\/page"}],"author":[{"embeddable":true,"href":"https:\/\/camillegris.com\/index.php\/wp-json\/wp\/v2\/users\/1"}],"replies":[{"embeddable":true,"href":"https:\/\/camillegris.com\/index.php\/wp-json\/wp\/v2\/comments?post=186"}],"version-history":[{"count":90,"href":"https:\/\/camillegris.com\/index.php\/wp-json\/wp\/v2\/pages\/186\/revisions"}],"predecessor-version":[{"id":1119,"href":"https:\/\/camillegris.com\/index.php\/wp-json\/wp\/v2\/pages\/186\/revisions\/1119"}],"wp:attachment":[{"href":"https:\/\/camillegris.com\/index.php\/wp-json\/wp\/v2\/media?parent=186"}],"curies":[{"name":"wp","href":"https:\/\/api.w.org\/{rel}","templated":true}]}}