{"id":192,"date":"2024-04-17T19:56:45","date_gmt":"2024-04-17T17:56:45","guid":{"rendered":"https:\/\/camillegris.com\/?page_id=192"},"modified":"2024-06-18T13:10:44","modified_gmt":"2024-06-18T11:10:44","slug":"art-therapeute","status":"publish","type":"page","link":"https:\/\/camillegris.com\/index.php\/art-therapeute\/","title":{"rendered":"Mon approche de l&rsquo;art-th\u00e9rapie"},"content":{"rendered":"\n<div class=\"wp-block-media-text is-stacked-on-mobile\" style=\"grid-template-columns:15% auto\"><figure class=\"wp-block-media-text__media\"><img loading=\"lazy\" decoding=\"async\" width=\"576\" height=\"1024\" src=\"https:\/\/camillegris.com\/wp-content\/uploads\/2024\/05\/m-576x1024.jpg\" alt=\"\" class=\"wp-image-555 size-full\" srcset=\"https:\/\/camillegris.com\/wp-content\/uploads\/2024\/05\/m-576x1024.jpg 576w, https:\/\/camillegris.com\/wp-content\/uploads\/2024\/05\/m-169x300.jpg 169w, https:\/\/camillegris.com\/wp-content\/uploads\/2024\/05\/m-768x1365.jpg 768w, https:\/\/camillegris.com\/wp-content\/uploads\/2024\/05\/m.jpg 801w\" sizes=\"(max-width: 576px) 100vw, 576px\" \/><\/figure><div class=\"wp-block-media-text__content\">\n<p>Je suis dipl\u00f4m\u00e9e de l&rsquo;\u00e9cole d&rsquo;art-th\u00e9rapie de Tours l&rsquo;AFRATAPEM depuis 2015. Cette formation est une certification officielle au RNCP ( r\u00e9pertoire national des certifications professionnelles) reconnue par l&rsquo;Etat. L&rsquo;inscription au RNCP atteste d&rsquo;un niveau de qualification officiel.<\/p>\n\n\n\n<p><\/p>\n<\/div><\/div>\n\n\n\n<p><\/p>\n\n\n\n<p>Je favorise le travail en \u00e9quipe pluridisciplinaire, de ce fait je privil\u00e9gie les interventions en institutions et \u00e9tablissements. Je ne propose pas de consultation en cabinet, mes suivis sont toujours sous forme d&rsquo;interventions soit en individuel soit en groupe.<\/p>\n\n\n\n<p class=\"has-normal-font-size\"><strong>Comment se d\u00e9roule un suivi en art-th\u00e9rapie ? <\/strong><\/p>\n\n\n\n<p>Pour d\u00e9buter un suivi art-th\u00e9rapeutique, une s\u00e9ance de \u00ab\u00a0rencontre\u00a0\u00bb est n\u00e9cessaire afin de r\u00e9aliser l&rsquo;\u00e9tat initial du patient. Suite \u00e0 cette premi\u00e8re rencontre, une strat\u00e9gie th\u00e9rapeutique (technique(s) artistique(s) pour r\u00e9pondre aux objectifs g\u00e9n\u00e9raux &#8230;) et un protocole vont d\u00e9finir les objectifs de soin et les modalit\u00e9s de prise en charge ( dur\u00e9e de s\u00e9ance, r\u00e9gularit\u00e9&#8230;). <\/p>\n\n\n\n<p>En s\u00e9ance, le patient sera acteur de l\u2019am\u00e9lioration de son \u00e9tat initial. Je propose un accompagnement avec des activit\u00e9s dirig\u00e9es ou libres en fonction des objectifs fix\u00e9s. Les parties saines du patient sont valoris\u00e9es dans ce cadre sp\u00e9cifique. En s\u00e9ance, nous pouvons employer diff\u00e9rentes techniques artistiques : peinture, dessin, modelage, sculpture, gravure, photo&#8230; <\/p>\n\n\n\n<p>Ce qui d\u00e9termine le soin se sont les consignes et l&rsquo;accompagnement toujours adapt\u00e9s \u00e0 un objectif th\u00e9rapeutique d\u00e9fini. Ce qui n&rsquo;est pas le cas pour un atelier artistique qui n&rsquo;a pas forc\u00e9ment de suivi et d&rsquo;objectif de soin.<\/p>\n\n\n\n<p>Pendant et apr\u00e8s le suivi, je m\u00e8ne des actions d&rsquo;\u00e9valuations et je r\u00e9dige environ tous les dix s\u00e9ances des bilans afin de voir l&rsquo;\u00e9volution et \u00e9valuer le niveau d&rsquo;objectifs atteints. <\/p>\n\n\n\n<p>En fin de suivi art-th\u00e9rapeutique, une exposition peut \u00eatre propos\u00e9e pour finaliser le suivi. <\/p>\n\n\n<div class=\"wp-block-image\">\n<figure class=\"aligncenter size-large is-resized\"><img loading=\"lazy\" decoding=\"async\" width=\"433\" height=\"1024\" src=\"https:\/\/camillegris.com\/wp-content\/uploads\/2024\/06\/oiseau-papier-mache-433x1024.jpg\" alt=\"\" class=\"wp-image-748\" style=\"width:295px;height:auto\" srcset=\"https:\/\/camillegris.com\/wp-content\/uploads\/2024\/06\/oiseau-papier-mache-433x1024.jpg 433w, https:\/\/camillegris.com\/wp-content\/uploads\/2024\/06\/oiseau-papier-mache-127x300.jpg 127w, https:\/\/camillegris.com\/wp-content\/uploads\/2024\/06\/oiseau-papier-mache-768x1816.jpg 768w, https:\/\/camillegris.com\/wp-content\/uploads\/2024\/06\/oiseau-papier-mache-650x1536.jpg 650w, https:\/\/camillegris.com\/wp-content\/uploads\/2024\/06\/oiseau-papier-mache-866x2048.jpg 866w, https:\/\/camillegris.com\/wp-content\/uploads\/2024\/06\/oiseau-papier-mache-1024x2421.jpg 1024w, https:\/\/camillegris.com\/wp-content\/uploads\/2024\/06\/oiseau-papier-mache-scaled.jpg 1083w\" sizes=\"(max-width: 433px) 100vw, 433px\" \/><\/figure><\/div>","protected":false},"excerpt":{"rendered":"<p>Je suis dipl\u00f4m\u00e9e de l&rsquo;\u00e9cole d&rsquo;art-th\u00e9rapie de Tours l&rsquo;AFRATAPEM depuis 2015. Cette formation est une certification officielle au RNCP ( r\u00e9pertoire national des certifications professionnelles) reconnue par l&rsquo;Etat. L&rsquo;inscription au RNCP atteste d&rsquo;un niveau de &hellip; <\/p>\n","protected":false},"author":1,"featured_media":0,"parent":0,"menu_order":0,"comment_status":"closed","ping_status":"closed","template":"","meta":{"om_disable_all_campaigns":false,"_monsterinsights_skip_tracking":false,"_monsterinsights_sitenote_active":false,"_monsterinsights_sitenote_note":"","_monsterinsights_sitenote_category":0,"footnotes":""},"aioseo_notices":[],"_links":{"self":[{"href":"https:\/\/camillegris.com\/index.php\/wp-json\/wp\/v2\/pages\/192"}],"collection":[{"href":"https:\/\/camillegris.com\/index.php\/wp-json\/wp\/v2\/pages"}],"about":[{"href":"https:\/\/camillegris.com\/index.php\/wp-json\/wp\/v2\/types\/page"}],"author":[{"embeddable":true,"href":"https:\/\/camillegris.com\/index.php\/wp-json\/wp\/v2\/users\/1"}],"replies":[{"embeddable":true,"href":"https:\/\/camillegris.com\/index.php\/wp-json\/wp\/v2\/comments?post=192"}],"version-history":[{"count":11,"href":"https:\/\/camillegris.com\/index.php\/wp-json\/wp\/v2\/pages\/192\/revisions"}],"predecessor-version":[{"id":749,"href":"https:\/\/camillegris.com\/index.php\/wp-json\/wp\/v2\/pages\/192\/revisions\/749"}],"wp:attachment":[{"href":"https:\/\/camillegris.com\/index.php\/wp-json\/wp\/v2\/media?parent=192"}],"curies":[{"name":"wp","href":"https:\/\/api.w.org\/{rel}","templated":true}]}}