{"id":37,"date":"2024-04-04T12:41:35","date_gmt":"2024-04-04T10:41:35","guid":{"rendered":"https:\/\/camillegris.com\/?page_id=37"},"modified":"2024-11-26T12:21:37","modified_gmt":"2024-11-26T11:21:37","slug":"latelier-vecteur-dexperiences-et-de-partage","status":"publish","type":"page","link":"https:\/\/camillegris.com\/index.php\/latelier-vecteur-dexperiences-et-de-partage\/","title":{"rendered":"Interventions artistiques"},"content":{"rendered":"\n<figure class=\"wp-block-pullquote\"><blockquote><p>L&rsquo;art est ce qui rend la vie plus int\u00e9ressante que l&rsquo;art <\/p><cite>Robert Filliou<\/cite><\/blockquote><\/figure>\n\n\n\n<p>Les interventions artistiques ont pour but de cr\u00e9er des actions qui rendent accessible l&rsquo;activit\u00e9 et la contemplation artistique \u00e0 un large public tout en d\u00e9veloppant l&rsquo;expression et le plaisir esth\u00e9tique.<\/p>\n\n\n\n<p>J&rsquo;interviens dans diff\u00e9rents types d&rsquo;\u00e9tablissements ( scolaires, sociaux, m\u00e9dicaux &#8230;) pour accompagner des groupes dans le cadre d&rsquo;une demande de conception de projets artistiques sur mesure. Les projets peuvent s&rsquo;articuler autour d&rsquo;une th\u00e9matique, d&rsquo;un m\u00e9dium, d&rsquo;un \u00e9v\u00e9nement &#8230; et les modalit\u00e9s s&rsquo;adaptent au type de public. <\/p>\n\n\n\n<p>Voici quelques exemples de projets men\u00e9s sur le Jura et ailleurs &#8230;<\/p>\n\n\n\n<p class=\"has-white-color has-text-color has-link-color wp-elements-79f8bb0f162d7c297aa498de9e059073\">blabla<\/p>\n\n\n\n<div class=\"wp-block-media-text is-stacked-on-mobile is-vertically-aligned-top\" style=\"grid-template-columns:26% auto\"><figure class=\"wp-block-media-text__media\"><img loading=\"lazy\" decoding=\"async\" width=\"194\" height=\"259\" src=\"https:\/\/camillegris.com\/wp-content\/uploads\/2024\/11\/justine.jpg\" alt=\"\" class=\"wp-image-984 size-full\" srcset=\"https:\/\/camillegris.com\/wp-content\/uploads\/2024\/11\/justine.jpg 194w, https:\/\/camillegris.com\/wp-content\/uploads\/2024\/11\/justine-45x60.jpg 45w\" sizes=\"(max-width: 194px) 100vw, 194px\" \/><\/figure><div class=\"wp-block-media-text__content\">\n<p class=\"has-text-color has-link-color has-small-font-size wp-elements-fc3d54ce14c291c1bd141900a9881ce4\" style=\"color:#3d7560\"><strong>S\u00e9jour Yoga et modelage : au contact de la terre avec l&rsquo;agence de voyage \u00ab\u00a0LatchoDrom\u00a0\u00bb <\/strong>Animation Moulage et Modelage &#8211; <em>Adultes- Dr\u00f4me- 2020<\/em><\/p>\n\n\n<div class=\"wp-block-image is-style-default\">\n<figure class=\"alignleft size-full is-resized\"><img loading=\"lazy\" decoding=\"async\" width=\"1600\" height=\"794\" src=\"https:\/\/camillegris.com\/wp-content\/uploads\/2024\/05\/IMG-20200928-WA0020-1.jpg\" alt=\"\" class=\"wp-image-535\" style=\"width:552px;height:auto\" srcset=\"https:\/\/camillegris.com\/wp-content\/uploads\/2024\/05\/IMG-20200928-WA0020-1.jpg 1600w, https:\/\/camillegris.com\/wp-content\/uploads\/2024\/05\/IMG-20200928-WA0020-1-300x149.jpg 300w, https:\/\/camillegris.com\/wp-content\/uploads\/2024\/05\/IMG-20200928-WA0020-1-1024x508.jpg 1024w, https:\/\/camillegris.com\/wp-content\/uploads\/2024\/05\/IMG-20200928-WA0020-1-768x381.jpg 768w, https:\/\/camillegris.com\/wp-content\/uploads\/2024\/05\/IMG-20200928-WA0020-1-1536x762.jpg 1536w\" sizes=\"(max-width: 1600px) 100vw, 1600px\" \/><\/figure><\/div>\n\n<div class=\"wp-block-image is-style-default\">\n<figure class=\"alignright size-large is-resized\"><img loading=\"lazy\" decoding=\"async\" width=\"768\" height=\"1024\" src=\"https:\/\/camillegris.com\/wp-content\/uploads\/2024\/05\/IMG-20200928-WA0006-768x1024.jpg\" alt=\"\" class=\"wp-image-532\" style=\"width:247px;height:auto\" srcset=\"https:\/\/camillegris.com\/wp-content\/uploads\/2024\/05\/IMG-20200928-WA0006-768x1024.jpg 768w, https:\/\/camillegris.com\/wp-content\/uploads\/2024\/05\/IMG-20200928-WA0006-225x300.jpg 225w, https:\/\/camillegris.com\/wp-content\/uploads\/2024\/05\/IMG-20200928-WA0006-1152x1536.jpg 1152w, https:\/\/camillegris.com\/wp-content\/uploads\/2024\/05\/IMG-20200928-WA0006-1024x1365.jpg 1024w, https:\/\/camillegris.com\/wp-content\/uploads\/2024\/05\/IMG-20200928-WA0006.jpg 1200w\" sizes=\"(max-width: 768px) 100vw, 768px\" \/><\/figure><\/div><\/div><\/div>\n\n\n\n<p class=\"has-white-color has-text-color has-link-color wp-elements-d38a3ea096e637db7212e1369645e5a1\">ghkkihk<\/p>\n\n\n\n<p class=\"has-white-color has-text-color has-link-color wp-elements-79f8bb0f162d7c297aa498de9e059073\">blabla<\/p>\n\n\n\n<div class=\"wp-block-media-text is-stacked-on-mobile is-vertically-aligned-top\" style=\"grid-template-columns:45% auto\"><figure class=\"wp-block-media-text__media\"><img loading=\"lazy\" decoding=\"async\" width=\"1024\" height=\"768\" src=\"https:\/\/camillegris.com\/wp-content\/uploads\/2024\/05\/IMG00019-1024x768.jpg\" alt=\"\" class=\"wp-image-510 size-full\" srcset=\"https:\/\/camillegris.com\/wp-content\/uploads\/2024\/05\/IMG00019-1024x768.jpg 1024w, https:\/\/camillegris.com\/wp-content\/uploads\/2024\/05\/IMG00019-300x225.jpg 300w, https:\/\/camillegris.com\/wp-content\/uploads\/2024\/05\/IMG00019-768x576.jpg 768w, https:\/\/camillegris.com\/wp-content\/uploads\/2024\/05\/IMG00019-1536x1152.jpg 1536w, https:\/\/camillegris.com\/wp-content\/uploads\/2024\/05\/IMG00019.jpg 1600w\" sizes=\"(max-width: 1024px) 100vw, 1024px\" \/><\/figure><div class=\"wp-block-media-text__content\">\n<p class=\"has-text-color has-link-color has-small-font-size wp-elements-7ef0d708f8dfeb6aab23f534c5181968\" style=\"color:#4b896f\"><strong>Four papier , four \u00e0 bois pour cuisson de pi\u00e8ces en c\u00e9ramique<\/strong>&#8211; <em>Jura &#8211; 2014<\/em><\/p>\n\n\n\n<figure class=\"wp-block-image size-large\"><img loading=\"lazy\" decoding=\"async\" width=\"1024\" height=\"865\" src=\"https:\/\/camillegris.com\/wp-content\/uploads\/2024\/05\/IMG00027-1024x865.jpg\" alt=\"\" class=\"wp-image-511\" srcset=\"https:\/\/camillegris.com\/wp-content\/uploads\/2024\/05\/IMG00027-1024x865.jpg 1024w, https:\/\/camillegris.com\/wp-content\/uploads\/2024\/05\/IMG00027-300x253.jpg 300w, https:\/\/camillegris.com\/wp-content\/uploads\/2024\/05\/IMG00027-768x649.jpg 768w, https:\/\/camillegris.com\/wp-content\/uploads\/2024\/05\/IMG00027.jpg 1421w\" sizes=\"(max-width: 1024px) 100vw, 1024px\" \/><\/figure>\n<\/div><\/div>\n\n\n\n<p class=\"has-white-color has-text-color has-link-color wp-elements-79f8bb0f162d7c297aa498de9e059073\">blabla<\/p>\n\n\n\n<p class=\"has-white-color has-text-color has-link-color wp-elements-458333fbef0031bf0fec4c109f2f4a1c\">blabla <\/p>\n\n\n\n<div class=\"wp-block-media-text is-stacked-on-mobile\" style=\"grid-template-columns:35% auto\"><figure class=\"wp-block-media-text__media\"><img loading=\"lazy\" decoding=\"async\" width=\"1024\" height=\"768\" src=\"https:\/\/camillegris.com\/wp-content\/uploads\/2024\/05\/IMG_20190516_155600-1024x768.jpg\" alt=\"\" class=\"wp-image-508 size-full\" srcset=\"https:\/\/camillegris.com\/wp-content\/uploads\/2024\/05\/IMG_20190516_155600-1024x768.jpg 1024w, https:\/\/camillegris.com\/wp-content\/uploads\/2024\/05\/IMG_20190516_155600-300x225.jpg 300w, https:\/\/camillegris.com\/wp-content\/uploads\/2024\/05\/IMG_20190516_155600-768x576.jpg 768w, https:\/\/camillegris.com\/wp-content\/uploads\/2024\/05\/IMG_20190516_155600-1536x1152.jpg 1536w, https:\/\/camillegris.com\/wp-content\/uploads\/2024\/05\/IMG_20190516_155600-2048x1536.jpg 2048w\" sizes=\"(max-width: 1024px) 100vw, 1024px\" \/><\/figure><div class=\"wp-block-media-text__content\">\n<p class=\"has-text-color has-link-color has-small-font-size wp-elements-2346c2e867589a9bb0fe1bc0fbe88291\" style=\"color:#458c70\"><strong>Projets arts plastiques avec des institutions m\u00e9dicales, sociales, \u00e9ducatives&#8230; <\/strong>&#8211; <em>Saint-Claude 2016 \u00e0 aujourd&rsquo;hui<\/em><\/p>\n\n\n\n<figure class=\"wp-block-image size-large is-resized is-style-default\"><img loading=\"lazy\" decoding=\"async\" width=\"1024\" height=\"683\" src=\"https:\/\/camillegris.com\/wp-content\/uploads\/2024\/06\/66287458_2272868456101494_5169167945904947200_n-1024x683.jpg\" alt=\"\" class=\"wp-image-564\" style=\"width:491px;height:auto\" srcset=\"https:\/\/camillegris.com\/wp-content\/uploads\/2024\/06\/66287458_2272868456101494_5169167945904947200_n-1024x683.jpg 1024w, https:\/\/camillegris.com\/wp-content\/uploads\/2024\/06\/66287458_2272868456101494_5169167945904947200_n-300x200.jpg 300w, https:\/\/camillegris.com\/wp-content\/uploads\/2024\/06\/66287458_2272868456101494_5169167945904947200_n-768x512.jpg 768w, https:\/\/camillegris.com\/wp-content\/uploads\/2024\/06\/66287458_2272868456101494_5169167945904947200_n-1536x1024.jpg 1536w, https:\/\/camillegris.com\/wp-content\/uploads\/2024\/06\/66287458_2272868456101494_5169167945904947200_n.jpg 1728w\" sizes=\"(max-width: 1024px) 100vw, 1024px\" \/><\/figure>\n<\/div><\/div>\n\n\n\n<p class=\"has-white-color has-text-color has-link-color wp-elements-79f8bb0f162d7c297aa498de9e059073\">blabla<\/p>\n\n\n\n<p class=\"has-white-color has-text-color has-link-color wp-elements-79f8bb0f162d7c297aa498de9e059073\">blabla<\/p>\n\n\n\n<div class=\"wp-block-media-text is-stacked-on-mobile\" style=\"grid-template-columns:55% auto\"><figure class=\"wp-block-media-text__media\"><img loading=\"lazy\" decoding=\"async\" width=\"1024\" height=\"683\" src=\"https:\/\/camillegris.com\/wp-content\/uploads\/2024\/05\/DSC_0588-1024x683.jpg\" alt=\"\" class=\"wp-image-503 size-full\" srcset=\"https:\/\/camillegris.com\/wp-content\/uploads\/2024\/05\/DSC_0588-1024x683.jpg 1024w, https:\/\/camillegris.com\/wp-content\/uploads\/2024\/05\/DSC_0588-300x200.jpg 300w, https:\/\/camillegris.com\/wp-content\/uploads\/2024\/05\/DSC_0588-768x512.jpg 768w, https:\/\/camillegris.com\/wp-content\/uploads\/2024\/05\/DSC_0588-1536x1024.jpg 1536w, https:\/\/camillegris.com\/wp-content\/uploads\/2024\/05\/DSC_0588-2048x1365.jpg 2048w\" sizes=\"(max-width: 1024px) 100vw, 1024px\" \/><\/figure><div class=\"wp-block-media-text__content\">\n<p class=\"has-text-color has-link-color has-small-font-size wp-elements-58a2b1f1579339ad3aea56e5d00c3714\" style=\"color:#55806f\"><strong>Calligraphie Chinoise et Arabe<\/strong> &#8211; <em>Public Adulte &#8211; Mus\u00e9e de l&rsquo;Abbaye- 2019 &gt; 2022 <\/em><\/p>\n\n\n\n<figure class=\"wp-block-image size-large is-resized\"><img loading=\"lazy\" decoding=\"async\" width=\"1024\" height=\"548\" src=\"https:\/\/camillegris.com\/wp-content\/uploads\/2024\/05\/photos-ateliers-calli-arabe-006e-1024x548.jpg\" alt=\"\" class=\"wp-image-504\" style=\"width:533px;height:auto\" srcset=\"https:\/\/camillegris.com\/wp-content\/uploads\/2024\/05\/photos-ateliers-calli-arabe-006e-1024x548.jpg 1024w, https:\/\/camillegris.com\/wp-content\/uploads\/2024\/05\/photos-ateliers-calli-arabe-006e-300x161.jpg 300w, https:\/\/camillegris.com\/wp-content\/uploads\/2024\/05\/photos-ateliers-calli-arabe-006e-768x411.jpg 768w, https:\/\/camillegris.com\/wp-content\/uploads\/2024\/05\/photos-ateliers-calli-arabe-006e-1536x822.jpg 1536w, https:\/\/camillegris.com\/wp-content\/uploads\/2024\/05\/photos-ateliers-calli-arabe-006e-2048x1096.jpg 2048w\" sizes=\"(max-width: 1024px) 100vw, 1024px\" \/><\/figure>\n<\/div><\/div>\n\n\n\n<p class=\"has-white-color has-text-color has-link-color wp-elements-37c8b3cb63fd8281c77b4dab7da33d62\">Blabla<\/p>\n\n\n\n<p class=\"has-white-color has-text-color has-link-color wp-elements-79f8bb0f162d7c297aa498de9e059073\">blabla<\/p>\n\n\n\n<div class=\"wp-block-media-text is-stacked-on-mobile\" style=\"grid-template-columns:28% auto\"><figure class=\"wp-block-media-text__media\"><img loading=\"lazy\" decoding=\"async\" width=\"512\" height=\"602\" src=\"https:\/\/camillegris.com\/wp-content\/uploads\/2024\/05\/Capture-enfant.jpg\" alt=\"\" class=\"wp-image-493 size-full\" srcset=\"https:\/\/camillegris.com\/wp-content\/uploads\/2024\/05\/Capture-enfant.jpg 512w, https:\/\/camillegris.com\/wp-content\/uploads\/2024\/05\/Capture-enfant-255x300.jpg 255w\" sizes=\"(max-width: 512px) 100vw, 512px\" \/><\/figure><div class=\"wp-block-media-text__content\">\n<p class=\"has-text-color has-link-color has-small-font-size wp-elements-a08ce6081bdd2132d3f56bebff90587a\" style=\"color:#4c8c73\"><strong>Projet \u00ab\u00a0Terre et couleurs\u00a0\u00bb  <\/strong>&#8211; <em>Cambodge- 2012- Enfants 3 \u00e0 15 ans <\/em><\/p>\n\n\n\n<p class=\"has-text-color has-link-color has-small-font-size wp-elements-eac01dbb2c8353126354653b04abd242\" style=\"color:#34765d\">Intervention de 3 mois dans une association de Fran\u00e7ais et centre de loisir. Apr\u00e8s r\u00e9cup\u00e9ration d&rsquo;argile en for\u00eat, les enfants ont tamis\u00e9 puis rendu \u00ab\u00a0plastique\u00a0\u00bb l&rsquo;argile afin de cr\u00e9er en modelage toutes sortes d&rsquo;objets libres. Ces objets ont ensuite \u00e9t\u00e9 peints avec des pigments puis cuits dans un four \u00e0 bois fabriqu\u00e9 sur place. Le objets ont \u00e9t\u00e9 pr\u00e9sent\u00e9s dans la boutique de l&rsquo;association.<\/p>\n<\/div><\/div>\n\n\n\n<p class=\"has-white-color has-text-color has-link-color wp-elements-79f8bb0f162d7c297aa498de9e059073\">blabla<\/p>\n\n\n\n<div class=\"wp-block-media-text is-stacked-on-mobile\"><figure class=\"wp-block-media-text__media\"><img loading=\"lazy\" decoding=\"async\" width=\"1024\" height=\"768\" src=\"https:\/\/camillegris.com\/wp-content\/uploads\/2024\/05\/DSCF4678-1-1024x768.jpg\" alt=\"\" class=\"wp-image-498 size-full\" srcset=\"https:\/\/camillegris.com\/wp-content\/uploads\/2024\/05\/DSCF4678-1-1024x768.jpg 1024w, https:\/\/camillegris.com\/wp-content\/uploads\/2024\/05\/DSCF4678-1-300x225.jpg 300w, https:\/\/camillegris.com\/wp-content\/uploads\/2024\/05\/DSCF4678-1-768x576.jpg 768w, https:\/\/camillegris.com\/wp-content\/uploads\/2024\/05\/DSCF4678-1-1536x1152.jpg 1536w, https:\/\/camillegris.com\/wp-content\/uploads\/2024\/05\/DSCF4678-1-2048x1536.jpg 2048w\" sizes=\"(max-width: 1024px) 100vw, 1024px\" \/><\/figure><div class=\"wp-block-media-text__content\">\n<p><\/p>\n\n\n\n<figure class=\"wp-block-image size-large\"><img loading=\"lazy\" decoding=\"async\" width=\"1024\" height=\"768\" src=\"https:\/\/camillegris.com\/wp-content\/uploads\/2024\/05\/DSCF4681-2-1024x768.jpg\" alt=\"\" class=\"wp-image-541\" srcset=\"https:\/\/camillegris.com\/wp-content\/uploads\/2024\/05\/DSCF4681-2-1024x768.jpg 1024w, https:\/\/camillegris.com\/wp-content\/uploads\/2024\/05\/DSCF4681-2-300x225.jpg 300w, https:\/\/camillegris.com\/wp-content\/uploads\/2024\/05\/DSCF4681-2-768x576.jpg 768w, https:\/\/camillegris.com\/wp-content\/uploads\/2024\/05\/DSCF4681-2-1536x1152.jpg 1536w, https:\/\/camillegris.com\/wp-content\/uploads\/2024\/05\/DSCF4681-2-2048x1536.jpg 2048w\" sizes=\"(max-width: 1024px) 100vw, 1024px\" \/><\/figure>\n<\/div><\/div>\n\n\n\n<p class=\"has-white-color has-text-color has-link-color wp-elements-79f8bb0f162d7c297aa498de9e059073\">blabla<\/p>\n\n\n\n<div class=\"wp-block-media-text is-stacked-on-mobile\"><figure class=\"wp-block-media-text__media\"><img loading=\"lazy\" decoding=\"async\" width=\"1024\" height=\"768\" src=\"https:\/\/camillegris.com\/wp-content\/uploads\/2024\/05\/DSCF4689-1-1024x768.jpg\" alt=\"\" class=\"wp-image-512 size-full\" srcset=\"https:\/\/camillegris.com\/wp-content\/uploads\/2024\/05\/DSCF4689-1-1024x768.jpg 1024w, https:\/\/camillegris.com\/wp-content\/uploads\/2024\/05\/DSCF4689-1-300x225.jpg 300w, https:\/\/camillegris.com\/wp-content\/uploads\/2024\/05\/DSCF4689-1-768x576.jpg 768w, https:\/\/camillegris.com\/wp-content\/uploads\/2024\/05\/DSCF4689-1-1536x1152.jpg 1536w, https:\/\/camillegris.com\/wp-content\/uploads\/2024\/05\/DSCF4689-1-2048x1536.jpg 2048w\" sizes=\"(max-width: 1024px) 100vw, 1024px\" \/><\/figure><div class=\"wp-block-media-text__content\">\n<p><\/p>\n\n\n<div class=\"wp-block-image is-style-default\">\n<figure class=\"alignleft size-large is-resized\"><img loading=\"lazy\" decoding=\"async\" width=\"1024\" height=\"768\" src=\"https:\/\/camillegris.com\/wp-content\/uploads\/2024\/05\/DSCF4753-1024x768.jpg\" alt=\"\" class=\"wp-image-495\" style=\"width:352px;height:auto\" srcset=\"https:\/\/camillegris.com\/wp-content\/uploads\/2024\/05\/DSCF4753-1024x768.jpg 1024w, https:\/\/camillegris.com\/wp-content\/uploads\/2024\/05\/DSCF4753-300x225.jpg 300w, https:\/\/camillegris.com\/wp-content\/uploads\/2024\/05\/DSCF4753-768x576.jpg 768w, https:\/\/camillegris.com\/wp-content\/uploads\/2024\/05\/DSCF4753-1536x1152.jpg 1536w, https:\/\/camillegris.com\/wp-content\/uploads\/2024\/05\/DSCF4753-2048x1536.jpg 2048w\" sizes=\"(max-width: 1024px) 100vw, 1024px\" \/><\/figure><\/div><\/div><\/div>\n\n\n\n<p class=\"has-white-color has-text-color has-link-color wp-elements-79f8bb0f162d7c297aa498de9e059073\">blabla<\/p>\n\n\n\n<p class=\"has-white-color has-text-color has-link-color wp-elements-37c8b3cb63fd8281c77b4dab7da33d62\">Blabla<\/p>\n\n\n\n<div class=\"wp-block-media-text is-stacked-on-mobile is-vertically-aligned-center\" style=\"grid-template-columns:52% auto\"><figure class=\"wp-block-media-text__media\"><img loading=\"lazy\" decoding=\"async\" width=\"1024\" height=\"781\" src=\"https:\/\/camillegris.com\/wp-content\/uploads\/2024\/05\/flip-book-1-1024x781.jpg\" alt=\"\" class=\"wp-image-507 size-full\" srcset=\"https:\/\/camillegris.com\/wp-content\/uploads\/2024\/05\/flip-book-1-1024x781.jpg 1024w, https:\/\/camillegris.com\/wp-content\/uploads\/2024\/05\/flip-book-1-300x229.jpg 300w, https:\/\/camillegris.com\/wp-content\/uploads\/2024\/05\/flip-book-1-768x585.jpg 768w, https:\/\/camillegris.com\/wp-content\/uploads\/2024\/05\/flip-book-1-1536x1171.jpg 1536w, https:\/\/camillegris.com\/wp-content\/uploads\/2024\/05\/flip-book-1-2048x1561.jpg 2048w\" sizes=\"(max-width: 1024px) 100vw, 1024px\" \/><\/figure><div class=\"wp-block-media-text__content\">\n<p class=\"has-text-color has-link-color has-small-font-size wp-elements-91c9369db94a4778d873c2a67131babc\" style=\"color:#4a8970\"><strong>\u00a0\u00bb flip book\u00a0\u00bb  \/ \u00ab\u00a0stop motion\u00a0\u00bb Techniques modelage et d\u00e9coupage<\/strong>&#8211; <em>Enfants-  Institutions et mus\u00e9e &#8211; 2020&gt;2022<\/em><\/p>\n\n\n<div class=\"wp-block-image is-style-rounded\">\n<figure class=\"aligncenter size-large is-resized\"><img loading=\"lazy\" decoding=\"async\" width=\"1024\" height=\"995\" src=\"https:\/\/camillegris.com\/wp-content\/uploads\/2024\/05\/bonhome-terre-2-1024x995.jpg\" alt=\"\" class=\"wp-image-506\" style=\"width:255px;height:auto\" srcset=\"https:\/\/camillegris.com\/wp-content\/uploads\/2024\/05\/bonhome-terre-2-1024x995.jpg 1024w, https:\/\/camillegris.com\/wp-content\/uploads\/2024\/05\/bonhome-terre-2-300x291.jpg 300w, https:\/\/camillegris.com\/wp-content\/uploads\/2024\/05\/bonhome-terre-2-768x746.jpg 768w, https:\/\/camillegris.com\/wp-content\/uploads\/2024\/05\/bonhome-terre-2-1536x1492.jpg 1536w, https:\/\/camillegris.com\/wp-content\/uploads\/2024\/05\/bonhome-terre-2-2048x1990.jpg 2048w\" sizes=\"(max-width: 1024px) 100vw, 1024px\" \/><\/figure><\/div><\/div><\/div>\n","protected":false},"excerpt":{"rendered":"<p>L&rsquo;art est ce qui rend la vie plus int\u00e9ressante que l&rsquo;art Robert Filliou Les interventions artistiques ont pour but de cr\u00e9er des actions qui rendent accessible l&rsquo;activit\u00e9 et la contemplation artistique \u00e0 un large public &hellip; <\/p>\n","protected":false},"author":1,"featured_media":0,"parent":0,"menu_order":0,"comment_status":"closed","ping_status":"closed","template":"","meta":{"om_disable_all_campaigns":false,"_monsterinsights_skip_tracking":false,"_monsterinsights_sitenote_active":false,"_monsterinsights_sitenote_note":"","_monsterinsights_sitenote_category":0,"footnotes":""},"aioseo_notices":[],"_links":{"self":[{"href":"https:\/\/camillegris.com\/index.php\/wp-json\/wp\/v2\/pages\/37"}],"collection":[{"href":"https:\/\/camillegris.com\/index.php\/wp-json\/wp\/v2\/pages"}],"about":[{"href":"https:\/\/camillegris.com\/index.php\/wp-json\/wp\/v2\/types\/page"}],"author":[{"embeddable":true,"href":"https:\/\/camillegris.com\/index.php\/wp-json\/wp\/v2\/users\/1"}],"replies":[{"embeddable":true,"href":"https:\/\/camillegris.com\/index.php\/wp-json\/wp\/v2\/comments?post=37"}],"version-history":[{"count":27,"href":"https:\/\/camillegris.com\/index.php\/wp-json\/wp\/v2\/pages\/37\/revisions"}],"predecessor-version":[{"id":985,"href":"https:\/\/camillegris.com\/index.php\/wp-json\/wp\/v2\/pages\/37\/revisions\/985"}],"wp:attachment":[{"href":"https:\/\/camillegris.com\/index.php\/wp-json\/wp\/v2\/media?parent=37"}],"curies":[{"name":"wp","href":"https:\/\/api.w.org\/{rel}","templated":true}]}}