{"id":90,"date":"2024-04-04T12:40:08","date_gmt":"2024-04-04T10:40:08","guid":{"rendered":"https:\/\/camillegris.com\/?page_id=90"},"modified":"2025-06-14T19:59:37","modified_gmt":"2025-06-14T17:59:37","slug":"cours-de-ceramique","status":"publish","type":"page","link":"https:\/\/camillegris.com\/index.php\/cours-de-ceramique\/","title":{"rendered":"Ma d\u00e9marche"},"content":{"rendered":"\n<p class=\"has-text-color has-link-color wp-elements-e85db988da4dee8e78ea0f20a3b962d3\" style=\"color:#b95c5c\"><em><strong>Les sens en \u00e9veil au contact de la terre <\/strong><\/em>; <\/p>\n\n\n\n<p class=\"has-text-color has-link-color wp-elements-62a49853992a6c09434fc92727b58e18\" style=\"color:#b65c5c;font-size:28px\"><em>La c\u00e9ramique un monde o\u00f9 tout est possible &#8230;<\/em><\/p>\n\n\n\n<p class=\"has-text-align-left has-headings-color has-text-color has-link-color has-normal-font-size wp-elements-3359e551536d7cc1de946feeab8756e1\">Dans mon atelier situ\u00e9 \u00e0 Saint-Claude, je propose des stages et des cours hebdomadaires pour acqu\u00e9rir un savoir-faire semaine apr\u00e8s semaine. Ces cours s&rsquo;adressent aux adultes et aux enfants. <\/p>\n\n\n\n<p><\/p>\n\n\n\n<p class=\"has-headings-color has-text-color has-link-color wp-elements-01e67d3a469ee9ebb4355c81ba422dd3\">Les techniques enseign\u00e9es sont <strong>le modelage, le tournage et<\/strong> <strong>la d\u00e9coration.<\/strong> <strong>Le modelage <\/strong>est la technique la plus primitive et la plus directe de mise en forme de l\u2019argile. Le <strong>tournage<\/strong> est une m\u00e9thode de fabrication qui consiste \u00e0 manipuler l&rsquo;argile sur un tour de potier, une machine compos\u00e9e d&rsquo;une girelle (un plateau circulaire tournant sur lui-m\u00eame). <strong>La d\u00e9coration<\/strong> est l&rsquo;\u00e9tape de mise en couleur par l&rsquo;\u00e9maillage ou par la r\u00e9alisation d&rsquo;une composition peinte ou grav\u00e9e. <\/p>\n\n\n\n<div class=\"wp-block-columns is-layout-flex wp-container-core-columns-is-layout-1 wp-block-columns-is-layout-flex\">\n<div class=\"wp-block-column is-layout-flow wp-block-column-is-layout-flow\" style=\"flex-basis:100%\">\n<figure class=\"wp-block-gallery has-nested-images columns-default is-cropped wp-block-gallery-1 is-layout-flex wp-block-gallery-is-layout-flex\">\n<figure class=\"wp-block-image size-large is-style-default\"><img loading=\"lazy\" decoding=\"async\" width=\"1024\" height=\"755\" src=\"https:\/\/camillegris.com\/wp-content\/uploads\/2024\/04\/cropped-2012_04150096-scaled-1-1024x755.jpg\" alt=\"\" class=\"wp-image-56\" srcset=\"https:\/\/camillegris.com\/wp-content\/uploads\/2024\/04\/cropped-2012_04150096-scaled-1-1024x755.jpg 1024w, https:\/\/camillegris.com\/wp-content\/uploads\/2024\/04\/cropped-2012_04150096-scaled-1-300x221.jpg 300w, https:\/\/camillegris.com\/wp-content\/uploads\/2024\/04\/cropped-2012_04150096-scaled-1-768x566.jpg 768w, https:\/\/camillegris.com\/wp-content\/uploads\/2024\/04\/cropped-2012_04150096-scaled-1-1536x1132.jpg 1536w, https:\/\/camillegris.com\/wp-content\/uploads\/2024\/04\/cropped-2012_04150096-scaled-1-407x300.jpg 407w, https:\/\/camillegris.com\/wp-content\/uploads\/2024\/04\/cropped-2012_04150096-scaled-1.jpg 1920w\" sizes=\"(max-width: 1024px) 100vw, 1024px\" \/><figcaption class=\"wp-element-caption\">Photophore modelage<\/figcaption><\/figure>\n\n\n\n<figure class=\"wp-block-image size-full\"><img loading=\"lazy\" decoding=\"async\" width=\"382\" height=\"504\" src=\"https:\/\/camillegris.com\/wp-content\/uploads\/2025\/06\/image-poterie-adulte-1.png\" alt=\"\" class=\"wp-image-1074\" srcset=\"https:\/\/camillegris.com\/wp-content\/uploads\/2025\/06\/image-poterie-adulte-1.png 382w, https:\/\/camillegris.com\/wp-content\/uploads\/2025\/06\/image-poterie-adulte-1-227x300.png 227w, https:\/\/camillegris.com\/wp-content\/uploads\/2025\/06\/image-poterie-adulte-1-45x60.png 45w\" sizes=\"(max-width: 382px) 100vw, 382px\" \/><figcaption class=\"wp-element-caption\">Tournage <\/figcaption><\/figure>\n<\/figure>\n<\/div>\n<\/div>\n\n\n\n<figure class=\"wp-block-gallery alignleft has-nested-images columns-default is-cropped wp-block-gallery-2 is-layout-flex wp-block-gallery-is-layout-flex\">\n<figure class=\"wp-block-image size-large\"><img loading=\"lazy\" decoding=\"async\" width=\"323\" height=\"641\" data-id=\"457\" src=\"https:\/\/camillegris.com\/wp-content\/uploads\/2024\/05\/IMG-20200928-WA0010.jpg\" alt=\"\" class=\"wp-image-457\" srcset=\"https:\/\/camillegris.com\/wp-content\/uploads\/2024\/05\/IMG-20200928-WA0010.jpg 323w, https:\/\/camillegris.com\/wp-content\/uploads\/2024\/05\/IMG-20200928-WA0010-151x300.jpg 151w\" sizes=\"(max-width: 323px) 100vw, 323px\" \/><figcaption class=\"wp-element-caption\">Sculpture <\/figcaption><\/figure>\n<\/figure>\n\n\n\n<p class=\"has-text-align-left has-headings-color has-text-color has-link-color has-large-font-size wp-elements-0425d69fd250e0da0f0edd07f47e36e5\"><strong> <\/strong><\/p>\n\n\n\n<p>&nbsp;&nbsp;&nbsp;&nbsp;&nbsp;&nbsp;&nbsp;&nbsp;&nbsp;&nbsp;&nbsp; <strong> <\/strong><\/p>\n\n\n\n<p> &nbsp;<\/p>\n\n\n\n<p><\/p>\n\n\n\n<div class=\"wp-block-group\"><div class=\"wp-block-group__inner-container is-layout-constrained wp-block-group-is-layout-constrained\">\n<div class=\"wp-block-columns is-layout-flex wp-container-core-columns-is-layout-2 wp-block-columns-is-layout-flex\">\n<div class=\"wp-block-column is-layout-flow wp-block-column-is-layout-flow\" style=\"flex-basis:100%\">\n<figure class=\"wp-block-gallery has-nested-images columns-default is-cropped wp-block-gallery-3 is-layout-flex wp-block-gallery-is-layout-flex\">\n<figure class=\"wp-block-image size-large\"><img loading=\"lazy\" decoding=\"async\" width=\"1024\" height=\"768\" src=\"https:\/\/camillegris.com\/wp-content\/uploads\/2024\/05\/sous-coupe-insecte-1024x768.jpg\" alt=\"\" class=\"wp-image-227\" srcset=\"https:\/\/camillegris.com\/wp-content\/uploads\/2024\/05\/sous-coupe-insecte-1024x768.jpg 1024w, https:\/\/camillegris.com\/wp-content\/uploads\/2024\/05\/sous-coupe-insecte-300x225.jpg 300w, https:\/\/camillegris.com\/wp-content\/uploads\/2024\/05\/sous-coupe-insecte-768x576.jpg 768w, https:\/\/camillegris.com\/wp-content\/uploads\/2024\/05\/sous-coupe-insecte-1536x1152.jpg 1536w, https:\/\/camillegris.com\/wp-content\/uploads\/2024\/05\/sous-coupe-insecte-2048x1536.jpg 2048w, https:\/\/camillegris.com\/wp-content\/uploads\/2024\/05\/sous-coupe-insecte-400x300.jpg 400w\" sizes=\"(max-width: 1024px) 100vw, 1024px\" \/><figcaption class=\"wp-element-caption\">D\u00e9coration sur coupelle <\/figcaption><\/figure>\n<\/figure>\n<\/div>\n<\/div>\n\n\n\n<p class=\"has-normal-font-size\"><strong> <\/strong><\/p>\n<\/div><\/div>\n\n\n\n<p>.<\/p>\n\n\n\n<p><\/p>\n\n\n\n<p><\/p>\n\n\n\n<p><\/p>\n\n\n\n<p><\/p>\n\n\n\n<p class=\"has-white-color has-text-color has-link-color wp-elements-994f89042a3e1adbbf0f9c699187fbbb\">blalalalalalla<\/p>\n\n\n\n<p><\/p>\n\n\n\n<p><\/p>\n","protected":false},"excerpt":{"rendered":"<p>Les sens en \u00e9veil au contact de la terre ; La c\u00e9ramique un monde o\u00f9 tout est possible &#8230; Dans mon atelier situ\u00e9 \u00e0 Saint-Claude, je propose des stages et des cours hebdomadaires pour acqu\u00e9rir &hellip; <\/p>\n","protected":false},"author":1,"featured_media":0,"parent":0,"menu_order":0,"comment_status":"closed","ping_status":"closed","template":"","meta":{"om_disable_all_campaigns":false,"_monsterinsights_skip_tracking":false,"_monsterinsights_sitenote_active":false,"_monsterinsights_sitenote_note":"","_monsterinsights_sitenote_category":0,"footnotes":""},"aioseo_notices":[],"_links":{"self":[{"href":"https:\/\/camillegris.com\/index.php\/wp-json\/wp\/v2\/pages\/90"}],"collection":[{"href":"https:\/\/camillegris.com\/index.php\/wp-json\/wp\/v2\/pages"}],"about":[{"href":"https:\/\/camillegris.com\/index.php\/wp-json\/wp\/v2\/types\/page"}],"author":[{"embeddable":true,"href":"https:\/\/camillegris.com\/index.php\/wp-json\/wp\/v2\/users\/1"}],"replies":[{"embeddable":true,"href":"https:\/\/camillegris.com\/index.php\/wp-json\/wp\/v2\/comments?post=90"}],"version-history":[{"count":12,"href":"https:\/\/camillegris.com\/index.php\/wp-json\/wp\/v2\/pages\/90\/revisions"}],"predecessor-version":[{"id":1077,"href":"https:\/\/camillegris.com\/index.php\/wp-json\/wp\/v2\/pages\/90\/revisions\/1077"}],"wp:attachment":[{"href":"https:\/\/camillegris.com\/index.php\/wp-json\/wp\/v2\/media?parent=90"}],"curies":[{"name":"wp","href":"https:\/\/api.w.org\/{rel}","templated":true}]}}