{"id":99,"date":"2024-04-17T10:20:53","date_gmt":"2024-04-17T08:20:53","guid":{"rendered":"https:\/\/camillegris.com\/?page_id=99"},"modified":"2024-06-18T10:11:15","modified_gmt":"2024-06-18T08:11:15","slug":"art-therapie","status":"publish","type":"page","link":"https:\/\/camillegris.com\/index.php\/art-therapie\/","title":{"rendered":"L&rsquo;art-th\u00e9rapie, qu&rsquo;est ce que c&rsquo;est ?"},"content":{"rendered":"\n<blockquote class=\"wp-block-quote has-text-align-center is-layout-flow wp-block-quote-is-layout-flow\">\n<p>L&rsquo;art-th\u00e9rapie est l\u2019exploitation du potentiel artistique dans une vis\u00e9e humanitaire et th\u00e9rapeutique. &nbsp;<\/p>\n<cite><em> \u00ab\u00a0Dictionnaire raisonn\u00e9 de l\u2019art en m\u00e9decine<\/em>\u00a0\u00bb <em>Richard Forestier<\/em> , Ed Favre 2017<\/cite><\/blockquote>\n\n\n\n<div class=\"wp-block-media-text is-stacked-on-mobile is-vertically-aligned-top\" style=\"grid-template-columns:39% auto\"><figure class=\"wp-block-media-text__media\"><img loading=\"lazy\" decoding=\"async\" width=\"1024\" height=\"702\" src=\"http:\/\/camillegris.com\/wp-content\/uploads\/2024\/04\/DSC_0683-1024x702.jpg\" alt=\"\" class=\"wp-image-156 size-full\" srcset=\"https:\/\/camillegris.com\/wp-content\/uploads\/2024\/04\/DSC_0683-1024x702.jpg 1024w, https:\/\/camillegris.com\/wp-content\/uploads\/2024\/04\/DSC_0683-300x206.jpg 300w, https:\/\/camillegris.com\/wp-content\/uploads\/2024\/04\/DSC_0683-768x527.jpg 768w, https:\/\/camillegris.com\/wp-content\/uploads\/2024\/04\/DSC_0683-1536x1053.jpg 1536w, https:\/\/camillegris.com\/wp-content\/uploads\/2024\/04\/DSC_0683-2048x1405.jpg 2048w, https:\/\/camillegris.com\/wp-content\/uploads\/2024\/04\/DSC_0683-437x300.jpg 437w\" sizes=\"(max-width: 1024px) 100vw, 1024px\" \/><\/figure><div class=\"wp-block-media-text__content\">\n<p><strong>L&rsquo;art-th\u00e9rapie d\u00e9finition<\/strong><\/p>\n\n\n\n<p style=\"text-align: left;\">L&rsquo;art-th\u00e9rapie valorise les capacit\u00e9s pr\u00e9serv\u00e9es ( parties saines) de la personne que ce soit sur le plan physique, mental ou social. Membre de l&rsquo;\u00e9quipe param\u00e9dicale, l&rsquo;art-th\u00e9rapeute exploite les effets de l&rsquo;Art dans le but de restaurer et maintenir les modalit\u00e9s expressives et relationnelles et de soulager les p\u00e9nalit\u00e9s existentielles. L&rsquo;Art est donc un processeur pour atteindre les objectifs th\u00e9rapeutiques fix\u00e9s suite \u00e0 une indication m\u00e9dicale.<\/p>\n<\/div><\/div>\n\n\n\n<div class=\"wp-block-media-text is-stacked-on-mobile is-vertically-aligned-top\" style=\"grid-template-columns:39% auto\"><figure class=\"wp-block-media-text__media\"><img loading=\"lazy\" decoding=\"async\" width=\"784\" height=\"470\" src=\"http:\/\/camillegris.com\/wp-content\/uploads\/2024\/04\/thumbnail_IMG_4779lkj.jpg\" alt=\"\" class=\"wp-image-155 size-full\" srcset=\"https:\/\/camillegris.com\/wp-content\/uploads\/2024\/04\/thumbnail_IMG_4779lkj.jpg 784w, https:\/\/camillegris.com\/wp-content\/uploads\/2024\/04\/thumbnail_IMG_4779lkj-300x180.jpg 300w, https:\/\/camillegris.com\/wp-content\/uploads\/2024\/04\/thumbnail_IMG_4779lkj-768x460.jpg 768w, https:\/\/camillegris.com\/wp-content\/uploads\/2024\/04\/thumbnail_IMG_4779lkj-448x269.jpg 448w\" sizes=\"(max-width: 784px) 100vw, 784px\" \/><\/figure><div class=\"wp-block-media-text__content\">\n<p class=\"has-text-align-left\"><strong>Conditions g\u00e9n\u00e9rales<\/strong><\/p>\n\n\n\n<ul>\n<li>Les indications concernent les troubles de l&rsquo;expression, de la communication et de la relation. L&rsquo;art-th\u00e9rapie permet de valoriser l&rsquo;estime de soi, l&rsquo;autonomie, la socialisation. Elle agit sur la diminution de l&rsquo;anxi\u00e9t\u00e9, de la douleur&#8230; <\/li>\n\n\n\n<li>Les ateliers d&rsquo;art-th\u00e9rapie peuvent \u00eatre mis en place en s\u00e9ances individuelles ou collective, elles s&rsquo;adaptent aux pathologies ou difficult\u00e9s et durent entre 30 minutes et 1heure.<\/li>\n\n\n\n<li>l&rsquo;art-th\u00e9rapeute respecte les conditions des professions param\u00e9dicales officielles : protocole, strat\u00e9gie th\u00e9rapeutique, \u00e9valuation et bilan, code de d\u00e9ontologie&#8230;<a href=\"https:\/\/art-therapie-tours.net\/wp-content\/uploads\/2018\/10\/Code-de-d%C3%A9ontologie.pdf\" target=\"_blank\" rel=\"noopener\" title=\"\">https:\/\/art-therapie-tours.net\/wp-content\/uploads\/2018\/10\/Code-de-d%C3%A9ontologie.pdf<\/a><\/li>\n<\/ul>\n\n\n\n<p><\/p>\n\n\n\n<p><\/p>\n\n\n\n<p><\/p>\n\n\n\n<p><\/p>\n<\/div><\/div>\n","protected":false},"excerpt":{"rendered":"<p>L&rsquo;art-th\u00e9rapie est l\u2019exploitation du potentiel artistique dans une vis\u00e9e humanitaire et th\u00e9rapeutique. &nbsp; \u00ab\u00a0Dictionnaire raisonn\u00e9 de l\u2019art en m\u00e9decine\u00a0\u00bb Richard Forestier , Ed Favre 2017 L&rsquo;art-th\u00e9rapie d\u00e9finition L&rsquo;art-th\u00e9rapie valorise les capacit\u00e9s pr\u00e9serv\u00e9es ( parties saines) &hellip; <\/p>\n","protected":false},"author":1,"featured_media":0,"parent":0,"menu_order":0,"comment_status":"closed","ping_status":"closed","template":"","meta":{"om_disable_all_campaigns":false,"_monsterinsights_skip_tracking":false,"_monsterinsights_sitenote_active":false,"_monsterinsights_sitenote_note":"","_monsterinsights_sitenote_category":0,"footnotes":""},"aioseo_notices":[],"_links":{"self":[{"href":"https:\/\/camillegris.com\/index.php\/wp-json\/wp\/v2\/pages\/99"}],"collection":[{"href":"https:\/\/camillegris.com\/index.php\/wp-json\/wp\/v2\/pages"}],"about":[{"href":"https:\/\/camillegris.com\/index.php\/wp-json\/wp\/v2\/types\/page"}],"author":[{"embeddable":true,"href":"https:\/\/camillegris.com\/index.php\/wp-json\/wp\/v2\/users\/1"}],"replies":[{"embeddable":true,"href":"https:\/\/camillegris.com\/index.php\/wp-json\/wp\/v2\/comments?post=99"}],"version-history":[{"count":20,"href":"https:\/\/camillegris.com\/index.php\/wp-json\/wp\/v2\/pages\/99\/revisions"}],"predecessor-version":[{"id":744,"href":"https:\/\/camillegris.com\/index.php\/wp-json\/wp\/v2\/pages\/99\/revisions\/744"}],"wp:attachment":[{"href":"https:\/\/camillegris.com\/index.php\/wp-json\/wp\/v2\/media?parent=99"}],"curies":[{"name":"wp","href":"https:\/\/api.w.org\/{rel}","templated":true}]}}